{"id":3791,"date":"2023-12-04T19:55:46","date_gmt":"2023-12-04T19:55:46","guid":{"rendered":"http:\/\/dbk.srtv.cl\/?page_id=3791"},"modified":"2023-12-05T17:44:20","modified_gmt":"2023-12-05T17:44:20","slug":"contacto","status":"publish","type":"page","link":"https:\/\/dbk.com.pe\/index.php\/contacto\/","title":{"rendered":"Contacto"},"content":{"rendered":"<section class=\"l-section wpb_row us_custom_e11ab399 height_medium\"><div class=\"l-section-h i-cf\"><div class=\"g-cols vc_row type_default valign_top\"><div class=\"vc_col-sm-8 wpb_column vc_column_container\"><div class=\"vc_column-inner\"><div class=\"wpb_wrapper\"><h1 class=\"w-text us_custom_d3956063\"><span class=\"w-text-h\"><span class=\"w-text-value\">\u00c1REA DE CONTACTO<\/span><\/span><\/h1><div class=\"w-image align_center\"><div class=\"w-image-h\"><img loading=\"lazy\" decoding=\"async\" width=\"1109\" height=\"310\" src=\"https:\/\/dbk.com.pe\/wp-content\/uploads\/2023\/12\/ban7.png\" class=\"attachment-full size-full\" alt=\"\" srcset=\"https:\/\/dbk.com.pe\/wp-content\/uploads\/2023\/12\/ban7.png 1109w, https:\/\/dbk.com.pe\/wp-content\/uploads\/2023\/12\/ban7-300x84.png 300w, https:\/\/dbk.com.pe\/wp-content\/uploads\/2023\/12\/ban7-1024x286.png 1024w, https:\/\/dbk.com.pe\/wp-content\/uploads\/2023\/12\/ban7-600x168.png 600w\" sizes=\"auto, (max-width: 1109px) 100vw, 1109px\" \/><\/div><\/div><div class=\"w-separator size_small\"><\/div><h3 class=\"w-text us_custom_f6f036c7 has_text_color\"><span class=\"w-text-h\"><span class=\"w-text-value\">\u00bfListo para experimentar la innovaci\u00f3n legal con DBK?<\/span><\/span><\/h3><div class=\"wpb_text_column us_custom_1725b0ee\" ><div class=\"wpb_wrapper\"><div class=\"w-hwrapper align_left valign_top\">\n<div class=\"w-vwrapper align_left valign_top\">\n<div class=\"wpb_text_column us_custom_ef3697c0\">\n<div class=\"wpb_wrapper\">\n<p>Cont\u00e1ctanos hoy para una consulta personalizada. Estamos aqu\u00ed para transformar la forma en que ves la pr\u00e1ctica legal.<\/p>\n<\/div>\n<\/div>\n<\/div>\n<\/div>\n<\/div><\/div><div class=\"w-separator size_small\"><\/div><div class=\"w-vwrapper align_left valign_top\"><div class=\"w-text\"><a target=\"_blank\" href=\"http:\/\/www.dbk.com.pe\" rel=\"noopener\" class=\"w-text-h\"><i class=\"fas fa-arrow-right\"><\/i><span class=\"w-text-value\">www.dbk.com.pe<\/span><\/a><\/div><div class=\"w-text\"><a target=\"_blank\" href=\"mailto:legal@dbk.com.pe\" rel=\"noopener\" class=\"w-text-h\"><i class=\"far fa-envelope\"><\/i><span class=\"w-text-value\">legal@dbk.com.pe<\/span><\/a><\/div><div class=\"w-text\"><a target=\"_blank\" href=\"tel:(01) 480 1108\" rel=\"noopener\" class=\"w-text-h\"><i class=\"far fa-phone-alt\"><\/i><span class=\"w-text-value\">(01) 480 1108<\/span><\/a><\/div><div class=\"w-text\"><span class=\"w-text-h\"><i class=\"material-icons\">place<\/i><span class=\"w-text-value\">Pj. M\u00e1rtir Olaya No. 169 Of. 405 Miraflores &#8211; Lima &#8211; Per\u00fa<\/span><\/span><\/div><\/div><\/div><\/div><\/div><div class=\"vc_col-sm-4 wpb_column vc_column_container\"><div class=\"vc_column-inner\"><div class=\"wpb_wrapper\"><div class=\"w-image us_custom_f0b9c96d align_left\"><div class=\"w-image-h\"><img loading=\"lazy\" decoding=\"async\" width=\"513\" height=\"610\" src=\"https:\/\/dbk.com.pe\/wp-content\/uploads\/2023\/12\/ban-conta.png\" class=\"attachment-full size-full\" alt=\"\" srcset=\"https:\/\/dbk.com.pe\/wp-content\/uploads\/2023\/12\/ban-conta.png 513w, https:\/\/dbk.com.pe\/wp-content\/uploads\/2023\/12\/ban-conta-252x300.png 252w\" sizes=\"auto, (max-width: 513px) 100vw, 513px\" \/><\/div><\/div><\/div><\/div><\/div><\/div><\/div><\/section>\n","protected":false},"excerpt":{"rendered":"\u00c1REA DE CONTACTO\u00bfListo para experimentar la innovaci\u00f3n legal con DBK? Cont\u00e1ctanos hoy para una consulta personalizada. Estamos aqu\u00ed para transformar la forma en que ves la pr\u00e1ctica legal. www.dbk.com.pelegal@dbk.com.pe(01) 480 1108placePj. M\u00e1rtir Olaya No. 169 Of. 405 Miraflores &#8211; Lima &#8211; Per\u00fa","protected":false},"author":2,"featured_media":0,"parent":0,"menu_order":0,"comment_status":"closed","ping_status":"closed","template":"","meta":{"footnotes":""},"class_list":["post-3791","page","type-page","status-publish","hentry"],"acf":[],"_links":{"self":[{"href":"https:\/\/dbk.com.pe\/index.php\/wp-json\/wp\/v2\/pages\/3791","targetHints":{"allow":["GET"]}}],"collection":[{"href":"https:\/\/dbk.com.pe\/index.php\/wp-json\/wp\/v2\/pages"}],"about":[{"href":"https:\/\/dbk.com.pe\/index.php\/wp-json\/wp\/v2\/types\/page"}],"author":[{"embeddable":true,"href":"https:\/\/dbk.com.pe\/index.php\/wp-json\/wp\/v2\/users\/2"}],"replies":[{"embeddable":true,"href":"https:\/\/dbk.com.pe\/index.php\/wp-json\/wp\/v2\/comments?post=3791"}],"version-history":[{"count":11,"href":"https:\/\/dbk.com.pe\/index.php\/wp-json\/wp\/v2\/pages\/3791\/revisions"}],"predecessor-version":[{"id":3985,"href":"https:\/\/dbk.com.pe\/index.php\/wp-json\/wp\/v2\/pages\/3791\/revisions\/3985"}],"wp:attachment":[{"href":"https:\/\/dbk.com.pe\/index.php\/wp-json\/wp\/v2\/media?parent=3791"}],"curies":[{"name":"wp","href":"https:\/\/api.w.org\/{rel}","templated":true}]}}