{"id":3782,"date":"2023-12-04T19:53:27","date_gmt":"2023-12-04T19:53:27","guid":{"rendered":"http:\/\/dbk.srtv.cl\/?page_id=3782"},"modified":"2023-12-05T17:22:19","modified_gmt":"2023-12-05T17:22:19","slug":"nosotros","status":"publish","type":"page","link":"https:\/\/dbk.com.pe\/index.php\/nosotros\/","title":{"rendered":"Nosotros"},"content":{"rendered":"<section class=\"l-section wpb_row height_medium\"><div class=\"l-section-h i-cf\"><div class=\"g-cols vc_row type_default valign_top\"><div class=\"vc_col-sm-8 wpb_column vc_column_container\"><div class=\"vc_column-inner\"><div class=\"wpb_wrapper\"><h1 class=\"w-text us_custom_a43898c6\"><span class=\"w-text-h\"><span class=\"w-text-value\">NOSOTROS<\/span><\/span><\/h1><div class=\"w-image align_center\"><div class=\"w-image-h\"><img loading=\"lazy\" decoding=\"async\" width=\"1110\" height=\"310\" src=\"https:\/\/dbk.com.pe\/wp-content\/uploads\/2023\/12\/ban-nosotros.png\" class=\"attachment-full size-full\" alt=\"\" srcset=\"https:\/\/dbk.com.pe\/wp-content\/uploads\/2023\/12\/ban-nosotros.png 1110w, https:\/\/dbk.com.pe\/wp-content\/uploads\/2023\/12\/ban-nosotros-300x84.png 300w, https:\/\/dbk.com.pe\/wp-content\/uploads\/2023\/12\/ban-nosotros-1024x286.png 1024w, https:\/\/dbk.com.pe\/wp-content\/uploads\/2023\/12\/ban-nosotros-600x168.png 600w\" sizes=\"auto, (max-width: 1110px) 100vw, 1110px\" \/><\/div><\/div><div class=\"w-separator size_small\"><\/div><div class=\"wpb_text_column us_custom_1725b0ee\" ><div class=\"wpb_wrapper\"><p>Somos una firma especializada en Derecho Penal, Constitucional, Propiedad Intelectual y Aduanas. Iniciamos nuestras actividades hace 28 a\u00f1os para mejorar los est\u00e1ndares de la pr\u00e1ctica y, con ello, los niveles de satisfacci\u00f3n del cliente.<br \/>\nNuestras experiencias explican la alta tasa de casos de \u00e9xito. Apostamos por la innovaci\u00f3n, por ello somos la primera firma de abogados del Per\u00fa en implementar la Inteligencia Artificial como herramienta de trabajo procesal.<\/p>\n<\/div><\/div><div class=\"w-separator size_small\"><\/div><h3 class=\"w-text us_custom_f6f036c7 has_text_color\"><span class=\"w-text-h\"><span class=\"w-text-value\">MISI\u00d3N<\/span><\/span><\/h3><div class=\"wpb_text_column us_custom_1725b0ee\" ><div class=\"wpb_wrapper\"><p>Ofrecer un servicio con un alto est\u00e1ndar de calidad, a un precio competitivo y en tiempo oportuno. La combinaci\u00f3n de estos elementos permite que nuestro clientes est\u00e9n realmente satisfechos y podamos desarrollar con ellos una relaci\u00f3n de largo plazo.<\/p>\n<\/div><\/div><div class=\"w-separator size_small\"><\/div><h3 class=\"w-text us_custom_f6f036c7 has_text_color\"><span class=\"w-text-h\"><span class=\"w-text-value\">VISI\u00d3N<\/span><\/span><\/h3><div class=\"wpb_text_column us_custom_1725b0ee\" ><div class=\"wpb_wrapper\"><p>Seguir siendo l\u00edderes en el mercado de servicios legales del Per\u00fa, mediante un trabajo preventivo aunando el conocimiento del negocio de cada cliente, lo que nos permite otorgar un valor agregado al servicio que prestamos.<\/p>\n<\/div><\/div><\/div><\/div><\/div><div class=\"vc_col-sm-4 wpb_column vc_column_container\"><div class=\"vc_column-inner\"><div class=\"wpb_wrapper\"><div class=\"w-image us_custom_f0b9c96d align_left\"><div class=\"w-image-h\"><img loading=\"lazy\" decoding=\"async\" width=\"512\" height=\"609\" src=\"https:\/\/dbk.com.pe\/wp-content\/uploads\/2023\/12\/ban-noso2.png\" class=\"attachment-full size-full\" alt=\"\" srcset=\"https:\/\/dbk.com.pe\/wp-content\/uploads\/2023\/12\/ban-noso2.png 512w, https:\/\/dbk.com.pe\/wp-content\/uploads\/2023\/12\/ban-noso2-252x300.png 252w\" sizes=\"auto, (max-width: 512px) 100vw, 512px\" \/><\/div><\/div><\/div><\/div><\/div><\/div><\/div><\/section><section class=\"l-section wpb_row us_custom_a284f388 height_medium\"><div class=\"l-section-h i-cf\"><div class=\"g-cols vc_row type_default valign_top\"><div class=\"vc_col-sm-6 wpb_column vc_column_container\"><div class=\"vc_column-inner\"><div class=\"wpb_wrapper\"><div class=\"w-hwrapper align_left valign_top\"><div class=\"w-text us_custom_ea57ff4e has_text_color\"><span class=\"w-text-h\"><span class=\"w-text-value\">01<\/span><\/span><\/div><h3 class=\"w-text us_custom_f6f036c7 has_text_color\"><span class=\"w-text-h\"><span class=\"w-text-value\">VALORES DE LA MARCA<\/span><\/span><\/h3><\/div><div class=\"w-hwrapper align_left valign_top\"><div class=\"w-text us_custom_2f39f052\"><span class=\"w-text-h\"><span class=\"w-text-value\">01<\/span><\/span><\/div><div class=\"wpb_text_column us_custom_432d3f53\" ><div class=\"wpb_wrapper\"><p><strong>Eficiencia:<\/strong> La inteligencia artificial puede automatizar tareas repetitivas y administrativas, lo que permite a los abogados centrarse en tareas de mayor valor y brindar servicios legales de manera m\u00e1s eficiente.<\/p>\n<\/div><\/div><\/div><div class=\"w-separator size_small\"><\/div><div class=\"w-hwrapper align_left valign_top\"><div class=\"w-text us_custom_d503541f has_text_color\"><span class=\"w-text-h\"><span class=\"w-text-value\">02<\/span><\/span><\/div><div class=\"wpb_text_column us_custom_432d3f53\" ><div class=\"wpb_wrapper\"><p><strong>Precisi\u00f3n:<\/strong> Los algoritmos y sistemas de IA pueden realizar an\u00e1lisis y b\u00fasquedas legales con una precisi\u00f3n y velocidad que ser\u00eda dif\u00edcil de lograr manualmente.<\/p>\n<\/div><\/div><\/div><div class=\"w-separator size_small\"><\/div><div class=\"w-hwrapper align_left valign_top\"><div class=\"w-text us_custom_d503541f has_text_color\"><span class=\"w-text-h\"><span class=\"w-text-value\">03<\/span><\/span><\/div><div class=\"wpb_text_column us_custom_432d3f53\" ><div class=\"wpb_wrapper\"><p><strong>Acceso a la informaci\u00f3n:<\/strong> La IA puede analizar vastas cantidades de datos legales y proporcionar informaci\u00f3n valiosa y jurisprudencia relevante para sus casos.<\/p>\n<\/div><\/div><\/div><div class=\"w-separator size_small\"><\/div><div class=\"w-hwrapper align_left valign_top\"><div class=\"w-text us_custom_d503541f has_text_color\"><span class=\"w-text-h\"><span class=\"w-text-value\">04<\/span><\/span><\/div><div class=\"wpb_text_column us_custom_432d3f53\" ><div class=\"wpb_wrapper\"><p><strong>Velocidad:<\/strong> Se puede acelerar el proceso de toma de decisiones legales al proporcionar respuestas y an\u00e1lisis r\u00e1pidos.<\/p>\n<\/div><\/div><\/div><\/div><\/div><\/div><div class=\"vc_col-sm-6 wpb_column vc_column_container\"><div class=\"vc_column-inner\"><div class=\"wpb_wrapper\"><div class=\"w-hwrapper align_left valign_top\"><div class=\"w-text us_custom_ea57ff4e has_text_color\"><span class=\"w-text-h\"><span class=\"w-text-value\">01<\/span><\/span><\/div><\/div><div class=\"w-hwrapper align_left valign_top\"><div class=\"w-text us_custom_2f39f052\"><span class=\"w-text-h\"><span class=\"w-text-value\">05<\/span><\/span><\/div><div class=\"wpb_text_column us_custom_432d3f53\" ><div class=\"wpb_wrapper\"><p><strong>Reducci\u00f3n de costos:<\/strong> La automatizaci\u00f3n de tareas puede reducir los costos operativos y, en algunos casos, hacer que los servicios legales sean m\u00e1s asequibles para los clientes.<\/p>\n<\/div><\/div><\/div><div class=\"w-separator size_small\"><\/div><div class=\"w-hwrapper align_left valign_top\"><div class=\"w-text us_custom_d503541f has_text_color\"><span class=\"w-text-h\"><span class=\"w-text-value\">06<\/span><\/span><\/div><div class=\"wpb_text_column us_custom_432d3f53\" ><div class=\"wpb_wrapper\"><p><strong>Personalizaci\u00f3n:<\/strong> Adaptarse a las necesidades especificas de los clientes, proporcionando asesoramiento y soluciones legales personalizadas.<\/p>\n<\/div><\/div><\/div><div class=\"w-separator size_small\"><\/div><div class=\"w-hwrapper align_left valign_top\"><div class=\"w-text us_custom_d503541f has_text_color\"><span class=\"w-text-h\"><span class=\"w-text-value\">07<\/span><\/span><\/div><div class=\"wpb_text_column us_custom_432d3f53\" ><div class=\"wpb_wrapper\"><p><strong>An\u00e1lisis de datos:<\/strong> La inteligencia artificial puede ayudar en la recopilaci\u00f3n y an\u00e1lisis de datos en casos legales complejos, lo que puede ser fundamental para la estrategia legal.<\/p>\n<\/div><\/div><\/div><\/div><\/div><\/div><\/div><\/div><\/section>\n","protected":false},"excerpt":{"rendered":"NOSOTROSSomos una firma especializada en Derecho Penal, Constitucional, Propiedad Intelectual y Aduanas. Iniciamos nuestras actividades hace 28 a\u00f1os para mejorar los est\u00e1ndares de la pr\u00e1ctica y, con ello, los niveles de satisfacci\u00f3n del cliente. Nuestras experiencias explican la alta tasa de casos de \u00e9xito. Apostamos por la innovaci\u00f3n, por ello somos la primera firma de...","protected":false},"author":2,"featured_media":0,"parent":0,"menu_order":0,"comment_status":"closed","ping_status":"closed","template":"","meta":{"footnotes":""},"class_list":["post-3782","page","type-page","status-publish","hentry"],"acf":[],"_links":{"self":[{"href":"https:\/\/dbk.com.pe\/index.php\/wp-json\/wp\/v2\/pages\/3782","targetHints":{"allow":["GET"]}}],"collection":[{"href":"https:\/\/dbk.com.pe\/index.php\/wp-json\/wp\/v2\/pages"}],"about":[{"href":"https:\/\/dbk.com.pe\/index.php\/wp-json\/wp\/v2\/types\/page"}],"author":[{"embeddable":true,"href":"https:\/\/dbk.com.pe\/index.php\/wp-json\/wp\/v2\/users\/2"}],"replies":[{"embeddable":true,"href":"https:\/\/dbk.com.pe\/index.php\/wp-json\/wp\/v2\/comments?post=3782"}],"version-history":[{"count":26,"href":"https:\/\/dbk.com.pe\/index.php\/wp-json\/wp\/v2\/pages\/3782\/revisions"}],"predecessor-version":[{"id":3971,"href":"https:\/\/dbk.com.pe\/index.php\/wp-json\/wp\/v2\/pages\/3782\/revisions\/3971"}],"wp:attachment":[{"href":"https:\/\/dbk.com.pe\/index.php\/wp-json\/wp\/v2\/media?parent=3782"}],"curies":[{"name":"wp","href":"https:\/\/api.w.org\/{rel}","templated":true}]}}