{"id":360,"date":"2016-08-17T12:22:17","date_gmt":"2016-08-17T12:22:17","guid":{"rendered":"http:\/\/impreza8.us-themes.com\/?page_id=360"},"modified":"2023-12-11T20:16:46","modified_gmt":"2023-12-11T20:16:46","slug":"variant-1","status":"publish","type":"page","link":"https:\/\/dbk.com.pe\/","title":{"rendered":"Home"},"content":{"rendered":"<section class=\"l-section wpb_row height_full valign_center\"><div class=\"l-section-h i-cf\"><div class=\"g-cols vc_row type_default valign_middle\"><div class=\"vc_col-sm-6 wpb_column vc_column_container\"><div class=\"vc_column-inner\"><div class=\"wpb_wrapper\"><\/div><\/div><\/div><div class=\"vc_col-sm-6 wpb_column vc_column_container\"><div class=\"vc_column-inner\"><div class=\"wpb_wrapper\"><h2 class=\"w-text us_custom_9eee4631\"><span class=\"w-text-h\"><span class=\"w-text-value\">INNOVACION LEGAL: UNIENDO TRADICI\u00d3N E INTELIGENCIA ARTIFICIAL<\/span><\/span><\/h2><div class=\"wpb_text_column us_custom_ef3697c0\" ><div class=\"wpb_wrapper\"><p>\u00a1Bienvenido a DBK, tu estudio jur\u00eddico de confianza donde la tecnolog\u00eda y la experiencia se encuentran!<br \/>\nEn DBK, hemos llevado la practica legal a nuevas alturas, utilizando la inteligencia artificial para ofrecer soluciones jur\u00eddicas eficientes e innovadoras.<\/p>\n<\/div><\/div><div class=\"w-separator size_small\"><\/div><div class=\"w-btn-wrapper width_auto align_left\"><a class=\"w-btn us-btn-style_1 us_custom_e5aea6d2\" href=\"\/index.php\/contacto\/\"><span class=\"w-btn-label\">CONTACTAR<\/span><\/a><\/div><\/div><\/div><\/div><\/div><\/div><\/section><section class=\"l-section wpb_row height_medium\"><div class=\"l-section-h i-cf\"><div class=\"g-cols vc_row type_default valign_middle\"><div class=\"vc_col-sm-6 wpb_column vc_column_container\"><div class=\"vc_column-inner us_custom_b037f512\"><div class=\"wpb_wrapper\"><h1 class=\"w-text us_custom_a43898c6\"><span class=\"w-text-h\"><span class=\"w-text-value\">\u00bfQUI\u00c9NES SOMOS?<\/span><\/span><\/h1><div class=\"w-vwrapper us_custom_e3c47e94 align_left valign_top\"><div class=\"wpb_text_column us_custom_ef3697c0\" ><div class=\"wpb_wrapper\"><p><strong>En DBK,<\/strong> nos enorgullece ser lideres en el campo legal, combinando d\u00e9cadas de experiencia con las ultimas tecnolog\u00edas. Somos un equipo de profesionales apasionados por brindar servicios jur\u00eddicos de calidad.<\/p>\n<\/div><\/div><\/div><div class=\"w-vwrapper us_custom_02ae902b align_left valign_top\"><div class=\"wpb_text_column us_custom_a5b5f5b2\" ><div class=\"wpb_wrapper\"><p><b>Respaldados por la potencia de la inteligencia artificial.<\/b><\/p>\n<\/div><\/div><\/div><div class=\"w-separator size_small\"><\/div><div class=\"w-btn-wrapper width_auto align_left\"><a class=\"w-btn us-btn-style_8 us_custom_e5aea6d2\" href=\"\/index.php\/nosotros\/\"><span class=\"w-btn-label\">CONOCER M\u00c1S<\/span><\/a><\/div><\/div><\/div><\/div><div class=\"vc_col-sm-6 wpb_column vc_column_container\"><div class=\"vc_column-inner us_custom_0fb0f71f\"><div class=\"wpb_wrapper\"><div class=\"w-image align_center\"><div class=\"w-image-h\"><img loading=\"lazy\" decoding=\"async\" width=\"1185\" height=\"1147\" src=\"https:\/\/dbk.com.pe\/wp-content\/uploads\/2023\/12\/trasdio.jpg\" class=\"attachment-full size-full\" alt=\"\" srcset=\"https:\/\/dbk.com.pe\/wp-content\/uploads\/2023\/12\/trasdio.jpg 1185w, https:\/\/dbk.com.pe\/wp-content\/uploads\/2023\/12\/trasdio-300x290.jpg 300w, https:\/\/dbk.com.pe\/wp-content\/uploads\/2023\/12\/trasdio-1024x991.jpg 1024w, https:\/\/dbk.com.pe\/wp-content\/uploads\/2023\/12\/trasdio-600x581.jpg 600w\" sizes=\"auto, (max-width: 1185px) 100vw, 1185px\" \/><\/div><\/div><\/div><\/div><\/div><\/div><\/div><\/section><section class=\"l-section wpb_row height_medium\"><div class=\"l-section-h i-cf\"><div class=\"g-cols vc_row type_default valign_top\"><div class=\"vc_col-sm-6 wpb_column vc_column_container\"><div class=\"vc_column-inner\"><div class=\"wpb_wrapper\"><h1 class=\"w-text us_custom_a43898c6\"><span class=\"w-text-h\"><span class=\"w-text-value\">NUESTRA INNOVACI\u00d3N<\/span><\/span><\/h1><div class=\"w-image align_center\"><div class=\"w-image-h\"><img loading=\"lazy\" decoding=\"async\" width=\"1397\" height=\"390\" src=\"https:\/\/dbk.com.pe\/wp-content\/uploads\/2023\/12\/ban1.jpg\" class=\"attachment-full size-full\" alt=\"\" srcset=\"https:\/\/dbk.com.pe\/wp-content\/uploads\/2023\/12\/ban1.jpg 1397w, https:\/\/dbk.com.pe\/wp-content\/uploads\/2023\/12\/ban1-300x84.jpg 300w, https:\/\/dbk.com.pe\/wp-content\/uploads\/2023\/12\/ban1-1024x286.jpg 1024w, https:\/\/dbk.com.pe\/wp-content\/uploads\/2023\/12\/ban1-600x168.jpg 600w\" sizes=\"auto, (max-width: 1397px) 100vw, 1397px\" \/><\/div><\/div><div class=\"w-separator size_small\"><\/div><div class=\"wpb_text_column us_custom_ef3697c0\" ><div class=\"wpb_wrapper\"><p><strong>En DBK,<\/strong> nos enorgullece ser lideres en el campo legal, combinando d\u00e9cadas de experiencia con las ultimas tecnolog\u00edas. Somos un equipo de profesionales apasionados por brindar servicios jur\u00eddicos de calidad.<\/p>\n<\/div><\/div><div class=\"w-separator size_small\"><\/div><div class=\"w-btn-wrapper width_auto align_left\"><a class=\"w-btn us-btn-style_1 us_custom_e5aea6d2\" href=\"\/index.php\/contacto\/\"><span class=\"w-btn-label\">SOLICITAR ASESOR\u00cdA<\/span><\/a><\/div><\/div><\/div><\/div><div class=\"vc_col-sm-6 wpb_column vc_column_container\"><div class=\"vc_column-inner\"><div class=\"wpb_wrapper\"><div class=\"w-vwrapper us_custom_26e44a70 align_left valign_top\"><div class=\"w-text us_custom_8f7f3917 has_text_color\"><span class=\"w-text-h\"><i class=\"fas fa-check\"><\/i><span class=\"w-text-value\"><\/span><\/span><\/div><p class=\"w-text us_custom_518f20db has_text_color\"><span class=\"w-text-h\"><span class=\"w-text-value\">Asesoramiento Personalizado:<\/span><\/span><\/p><div class=\"wpb_text_column us_custom_ef3697c0\" ><div class=\"wpb_wrapper\"><p>Nuestro sistema de IA personaliza el asesoramiento legal seg\u00fan tus necesidades \u00fanicas.<\/p>\n<\/div><\/div><div class=\"w-separator size_small\"><\/div><div class=\"w-text us_custom_8f7f3917 has_text_color\"><span class=\"w-text-h\"><i class=\"fas fa-check\"><\/i><span class=\"w-text-value\"><\/span><\/span><\/div><p class=\"w-text us_custom_518f20db has_text_color\"><span class=\"w-text-h\"><span class=\"w-text-value\">An\u00e1lisis Predictivo:<\/span><\/span><\/p><div class=\"wpb_text_column us_custom_ef3697c0\" ><div class=\"wpb_wrapper\"><p>Anticipamos desaf\u00edos legales mediante an\u00e1lisis predictivo, proporcionando soluciones antes de que surjan problemas.<\/p>\n<\/div><\/div><\/div><\/div><\/div><\/div><\/div><\/div><\/section><section class=\"l-section wpb_row us_custom_43bb1cd8 height_medium\"><div class=\"l-section-h i-cf\"><div class=\"g-cols vc_row type_default valign_top\"><div class=\"vc_col-sm-6 wpb_column vc_column_container\"><div class=\"vc_column-inner\"><div class=\"wpb_wrapper\"><\/div><\/div><\/div><div class=\"vc_col-sm-6 wpb_column vc_column_container\"><div class=\"vc_column-inner\"><div class=\"wpb_wrapper\"><h1 class=\"w-text us_custom_a43898c6\"><span class=\"w-text-h\"><span class=\"w-text-value\">SERVICIOS JUR\u00cdDICOS<\/span><\/span><\/h1><div class=\"w-image align_center\"><div class=\"w-image-h\"><img loading=\"lazy\" decoding=\"async\" width=\"874\" height=\"354\" src=\"https:\/\/dbk.com.pe\/wp-content\/uploads\/2023\/12\/ban2.jpg\" class=\"attachment-full size-full\" alt=\"\" srcset=\"https:\/\/dbk.com.pe\/wp-content\/uploads\/2023\/12\/ban2.jpg 874w, https:\/\/dbk.com.pe\/wp-content\/uploads\/2023\/12\/ban2-300x122.jpg 300w, https:\/\/dbk.com.pe\/wp-content\/uploads\/2023\/12\/ban2-600x243.jpg 600w\" sizes=\"auto, (max-width: 874px) 100vw, 874px\" \/><\/div><\/div><div class=\"w-separator size_small\"><\/div><div class=\"wpb_text_column us_custom_ef3697c0\" ><div class=\"wpb_wrapper\"><p>En DBK, ofrecemos una amplia gama de servicios jur\u00eddicos respaldados por la \u00faltima tecnolog\u00eda.<\/p>\n<\/div><\/div><div class=\"w-separator size_small\"><\/div><div class=\"w-btn-wrapper width_auto align_right\"><a class=\"w-btn us-btn-style_9 us_custom_e5aea6d2\" href=\"\/index.php\/contacto\/\"><span class=\"w-btn-label\">SOLICITAR ASESOR\u00cdA<\/span><\/a><\/div><\/div><\/div><\/div><\/div><\/div><\/section><section class=\"l-section wpb_row us_custom_b03640aa height_medium\"><div class=\"l-section-h i-cf\"><div class=\"g-cols vc_row type_default valign_top\"><div class=\"vc_col-sm-6 wpb_column vc_column_container has-fill\"><div class=\"vc_column-inner us_custom_e0e7e568\"><div class=\"wpb_wrapper\"><div class=\"w-hwrapper align_left valign_top\"><div class=\"w-text us_custom_b6e85a23 has_text_color\"><span class=\"w-text-h\"><span class=\"w-text-value\">01<\/span><\/span><\/div><div class=\"w-vwrapper align_left valign_top\"><p class=\"w-text us_custom_518f20db has_text_color\"><span class=\"w-text-h\"><span class=\"w-text-value\">Derecho Penal<\/span><\/span><\/p><div class=\"wpb_text_column us_custom_ef3697c0\" ><div class=\"wpb_wrapper\"><p>Defendemos tus derechos con estrategias legales s\u00f3lidas respaldadas por an\u00e1lisis avanzado.<\/p>\n<\/div><\/div><\/div><\/div><div class=\"w-separator size_small\"><\/div><div class=\"w-hwrapper align_left valign_top\"><div class=\"w-text us_custom_b6e85a23 has_text_color\"><span class=\"w-text-h\"><span class=\"w-text-value\">02<\/span><\/span><\/div><div class=\"w-vwrapper align_left valign_top\"><p class=\"w-text us_custom_518f20db has_text_color\"><span class=\"w-text-h\"><span class=\"w-text-value\">Derecho Constitucional<\/span><\/span><\/p><div class=\"wpb_text_column us_custom_ef3697c0\" ><div class=\"wpb_wrapper\"><p>Protegemos tus derechos fundamentales con enfoques legales especializados y tecnolog\u00eda de vanguardia.<\/p>\n<\/div><\/div><\/div><\/div><div class=\"w-separator size_small\"><\/div><div class=\"w-hwrapper align_left valign_top\"><div class=\"w-text us_custom_b6e85a23 has_text_color\"><span class=\"w-text-h\"><span class=\"w-text-value\">03<\/span><\/span><\/div><div class=\"w-vwrapper align_left valign_top\"><p class=\"w-text us_custom_518f20db has_text_color\"><span class=\"w-text-h\"><span class=\"w-text-value\">Derecho Aduanero<\/span><\/span><\/p><div class=\"wpb_text_column us_custom_ef3697c0\" ><div class=\"wpb_wrapper\"><p>Navegamos por las complejidades de las regulaciones aduaneras con soluciones legales eficientes.<\/p>\n<\/div><\/div><\/div><\/div><div class=\"w-separator size_small\"><\/div><div class=\"w-hwrapper align_left valign_top\"><div class=\"w-text us_custom_b6e85a23 has_text_color\"><span class=\"w-text-h\"><span class=\"w-text-value\">04<\/span><\/span><\/div><div class=\"w-vwrapper align_left valign_top\"><p class=\"w-text us_custom_518f20db has_text_color\"><span class=\"w-text-h\"><span class=\"w-text-value\">Derecho Penitenciario<\/span><\/span><\/p><div class=\"wpb_text_column us_custom_ef3697c0\" ><div class=\"wpb_wrapper\"><p>Ofrecemos asesoramiento experto en cuestiones relacionadas con el sistema penitenciario y procesos legales asociados.<\/p>\n<\/div><\/div><\/div><\/div><div class=\"w-separator size_small\"><\/div><div class=\"w-hwrapper align_left valign_top\"><div class=\"w-text us_custom_b6e85a23 has_text_color\"><span class=\"w-text-h\"><span class=\"w-text-value\">05<\/span><\/span><\/div><div class=\"w-vwrapper align_left valign_top\"><p class=\"w-text us_custom_518f20db has_text_color\"><span class=\"w-text-h\"><span class=\"w-text-value\">Propiedad Intelectual<\/span><\/span><\/p><div class=\"wpb_text_column us_custom_ef3697c0\" ><div class=\"wpb_wrapper\"><p>Protege tus activos intelectuales con nuestras soluciones avanzadas de propiedad intelectual.<\/p>\n<\/div><\/div><\/div><\/div><\/div><\/div><\/div><div class=\"vc_col-sm-6 wpb_column vc_column_container\"><div class=\"vc_column-inner\"><div class=\"wpb_wrapper\"><\/div><\/div><\/div><\/div><\/div><\/section><section class=\"l-section wpb_row height_medium\"><div class=\"l-section-h i-cf\"><div class=\"g-cols vc_row type_default valign_top\"><div class=\"vc_col-sm-6 wpb_column vc_column_container\"><div class=\"vc_column-inner\"><div class=\"wpb_wrapper\"><h1 class=\"w-text us_custom_a43898c6\"><span class=\"w-text-h\"><span class=\"w-text-value\">\u00bfPOR QU\u00c9 ELEGIR DBK?<\/span><\/span><\/h1><div class=\"w-image align_center\"><div class=\"w-image-h\"><img loading=\"lazy\" decoding=\"async\" width=\"1394\" height=\"391\" src=\"https:\/\/dbk.com.pe\/wp-content\/uploads\/2023\/12\/ban3.jpg\" class=\"attachment-full size-full\" alt=\"\" srcset=\"https:\/\/dbk.com.pe\/wp-content\/uploads\/2023\/12\/ban3.jpg 1394w, https:\/\/dbk.com.pe\/wp-content\/uploads\/2023\/12\/ban3-300x84.jpg 300w, https:\/\/dbk.com.pe\/wp-content\/uploads\/2023\/12\/ban3-1024x287.jpg 1024w, https:\/\/dbk.com.pe\/wp-content\/uploads\/2023\/12\/ban3-600x168.jpg 600w\" sizes=\"auto, (max-width: 1394px) 100vw, 1394px\" \/><\/div><\/div><div class=\"w-separator size_small\"><\/div><div class=\"wpb_text_column us_custom_ef3697c0\" ><div class=\"wpb_wrapper\"><p>Al elegir DBK, te beneficias de una combinaci\u00f3n \u00fanica de experiencia legal y la eficiencia de la inteligencia artificial.<\/p>\n<\/div><\/div><div class=\"w-separator size_small\"><\/div><div class=\"w-btn-wrapper width_auto align_left\"><a class=\"w-btn us-btn-style_1 us_custom_e5aea6d2\" href=\"\/index.php\/contacto\/\"><span class=\"w-btn-label\">CONTACTAR AHORA<\/span><\/a><\/div><\/div><\/div><\/div><div class=\"vc_col-sm-6 wpb_column vc_column_container\"><div class=\"vc_column-inner\"><div class=\"wpb_wrapper\"><div class=\"w-vwrapper us_custom_26e44a70 align_left valign_top\"><div class=\"w-text us_custom_8f7f3917 has_text_color\"><span class=\"w-text-h\"><i class=\"fas fa-check\"><\/i><span class=\"w-text-value\"><\/span><\/span><\/div><p class=\"w-text us_custom_518f20db has_text_color\"><span class=\"w-text-h\"><span class=\"w-text-value\">Resultados Comprobados:<\/span><\/span><\/p><div class=\"wpb_text_column us_custom_ef3697c0\" ><div class=\"wpb_wrapper\"><p>Nuestros casos de \u00e9xito respaldan la efectividad de nuestra estrategia basada en la inteligencia artificial.<\/p>\n<\/div><\/div><div class=\"w-separator size_small\"><\/div><div class=\"w-text us_custom_8f7f3917 has_text_color\"><span class=\"w-text-h\"><i class=\"fas fa-check\"><\/i><span class=\"w-text-value\"><\/span><\/span><\/div><p class=\"w-text us_custom_518f20db has_text_color\"><span class=\"w-text-h\"><span class=\"w-text-value\">Eficiencia y Velocidad:<\/span><\/span><\/p><div class=\"wpb_text_column us_custom_ef3697c0\" ><div class=\"wpb_wrapper\"><p>Resolvemos casos m\u00e1s r\u00e1pido sin comprometer la calidad gracias a la automatizaci\u00f3n y el an\u00e1lisis avanzado.<\/p>\n<\/div><\/div><\/div><\/div><\/div><\/div><\/div><\/div><\/section><section class=\"l-section wpb_row height_medium width_full with_img\"><div class=\"l-section-img\" style=\"background-image: url(https:\/\/dbk.com.pe\/wp-content\/uploads\/2023\/12\/rsw_1160h_773.jpg);background-repeat: no-repeat;\" data-img-width=\"1160\" data-img-height=\"773\"><\/div><div class=\"l-section-h i-cf\"><div class=\"g-cols vc_row type_default valign_top\"><div class=\"vc_col-sm-7 wpb_column vc_column_container\"><div class=\"vc_column-inner us_custom_0fb0f71f\"><div class=\"wpb_wrapper\"><div class=\"w-vwrapper us_custom_9781a77c align_right valign_top\"><h1 class=\"w-text us_custom_6354589c has_text_color\"><span class=\"w-text-h\"><span class=\"w-text-value\">CONT\u00c1CTANOS<\/span><\/span><\/h1><div class=\"w-separator size_custom\" style=\"height:5px\"><\/div><div class=\"wpb_text_column us_custom_0063e93b has_text_color\" ><div class=\"wpb_wrapper\"><p><strong>\u00bfListo para experimentar la innovaci\u00f3n legal con DBK?\u00a0<\/strong><\/p>\n<\/div><\/div><div class=\"wpb_text_column us_custom_1363cf68 has_text_color\" ><div class=\"wpb_wrapper\"><p>Cont\u00e1ctanos hoy para una consulta personalizada. Estamos aqu\u00ed para transformar la forma en que ves la pr\u00e1ctica legal.<\/p>\n<\/div><\/div><div class=\"w-separator size_small\"><\/div><div class=\"w-btn-wrapper width_auto align_right\"><a class=\"w-btn us-btn-style_1 us_custom_e5aea6d2\" href=\"\/index.php\/contacto\/\"><span class=\"w-btn-label\">CONTACTAR<\/span><\/a><\/div><\/div><\/div><\/div><\/div><div class=\"vc_col-sm-5 wpb_column vc_column_container\"><div class=\"vc_column-inner\"><div class=\"wpb_wrapper\"><\/div><\/div><\/div><\/div><\/div><\/section>\n","protected":false},"excerpt":{"rendered":"INNOVACION LEGAL: UNIENDO TRADICI\u00d3N E INTELIGENCIA ARTIFICIAL\u00a1Bienvenido a DBK, tu estudio jur\u00eddico de confianza donde la tecnolog\u00eda y la experiencia se encuentran! En DBK, hemos llevado la practica legal a nuevas alturas, utilizando la inteligencia artificial para ofrecer soluciones jur\u00eddicas eficientes e innovadoras. CONTACTAR\u00bfQUI\u00c9NES SOMOS?En DBK, nos enorgullece ser lideres en el campo legal, combinando...","protected":false},"author":2,"featured_media":0,"parent":0,"menu_order":0,"comment_status":"closed","ping_status":"closed","template":"","meta":{"footnotes":""},"class_list":["post-360","page","type-page","status-publish","hentry"],"acf":[],"_links":{"self":[{"href":"https:\/\/dbk.com.pe\/index.php\/wp-json\/wp\/v2\/pages\/360","targetHints":{"allow":["GET"]}}],"collection":[{"href":"https:\/\/dbk.com.pe\/index.php\/wp-json\/wp\/v2\/pages"}],"about":[{"href":"https:\/\/dbk.com.pe\/index.php\/wp-json\/wp\/v2\/types\/page"}],"author":[{"embeddable":true,"href":"https:\/\/dbk.com.pe\/index.php\/wp-json\/wp\/v2\/users\/2"}],"replies":[{"embeddable":true,"href":"https:\/\/dbk.com.pe\/index.php\/wp-json\/wp\/v2\/comments?post=360"}],"version-history":[{"count":345,"href":"https:\/\/dbk.com.pe\/index.php\/wp-json\/wp\/v2\/pages\/360\/revisions"}],"predecessor-version":[{"id":4014,"href":"https:\/\/dbk.com.pe\/index.php\/wp-json\/wp\/v2\/pages\/360\/revisions\/4014"}],"wp:attachment":[{"href":"https:\/\/dbk.com.pe\/index.php\/wp-json\/wp\/v2\/media?parent=360"}],"curies":[{"name":"wp","href":"https:\/\/api.w.org\/{rel}","templated":true}]}}